{"id":62,"date":"2012-10-06T15:48:07","date_gmt":"2012-10-06T15:48:07","guid":{"rendered":"http:\/\/www.musique-cugy-vesin.ch\/indexw.php\/?page_id=62"},"modified":"2023-04-08T19:21:19","modified_gmt":"2023-04-08T17:21:19","slug":"evenements","status":"publish","type":"page","link":"https:\/\/www.musique-cugy-vesin.ch\/?page_id=62","title":{"rendered":"Ev\u00e9nements"},"content":{"rendered":"\n<h3 class=\"wp-block-heading\">F\u00eates marquantes de l&rsquo;histoire de notre fanfare<\/h3>\n\n\n\n<ul class=\"wp-block-list\">\n<li>1941 Naissance de notre fanfare<\/li>\n\n\n\n<li>1947 Adh\u00e9sion de la fanfare au giron des musiques Broyardes<\/li>\n\n\n\n<li>1948 Premiers uniformes de couleur verte (uniformes d\u2019occasions) achet\u00e9s \u00e0 la Pers\u00e9v\u00e9rance d\u2019Estavayer \u2013le-Lac<\/li>\n\n\n\n<li>1950,&nbsp;9 juillet, Inauguration du premier drapeau, la Marraine Mme Th\u00e9r\u00e8se Grandgirard, le Parrain Mr. Robert Ansermet<\/li>\n\n\n\n<li>1953,&nbsp;24 mai, Inauguration du 2\u00e8me uniforme de couleur bleu nuit<\/li>\n\n\n\n<li>1962 Giron des musiques Broyardes \u00e0 Cugy, Pr\u00e9s. d&rsquo;organisation Alexis Bersier<\/li>\n\n\n\n<li>1966 25\u00e8me anniversaire de la soci\u00e9t\u00e9, Pr\u00e9s. d&rsquo;organisation Alexis Bersier<\/li>\n\n\n\n<li>1975, 11 mai, Inauguration du 3\u00e8me Uniforme de couleur grenat<\/li>\n\n\n\n<li>1980 Giron des musiques Broyardes \u00e0 Cugy, Pr\u00e9s. d&rsquo;organisation Alexis Bersier<\/li>\n\n\n\n<li>1991, 28 avril, 50\u00e8me Anniversaire de la soci\u00e9t\u00e9 et Inauguration du 2\u00e8me Drapeau, la Marraine Mme Madeleine Marmy, le Parrain Mr. Daniel Bersier, Pr\u00e9s. d\u2019organisation Mr. Roger Ansermet<\/li>\n\n\n\n<li>1998 Giron des musiques Broyardes \u00e0 Cugy, Pr\u00e9s. d&rsquo;organisation Roger Ansermet<\/li>\n\n\n\n<li>2001 Inauguration de la 4\u00e8me g\u00e9n\u00e9ration d\u2019uniformes, Pr\u00e9s. d&rsquo;organisation Alex Glardon<\/li>\n\n\n\n<li>2004 Naissance des Jeunes Cuivres de Cugy-Vesin par Mr. Alexandre Gagnaux<\/li>\n\n\n\n<li>2005 Souper spectacle de soutien, Pr\u00e9s. d&rsquo;organisation Beno\u00eet Rossier<\/li>\n\n\n\n<li>2017 Giron des musiques Broyardes \u00e0 Cugy, Pr\u00e9s. d&rsquo;organisation Alex Glardon<\/li>\n\n\n\n<li>2023 Concours Cantonal de Solistes Fribourgeois \u00e0 Cugy, Pr\u00e9s. d&rsquo;organisation G\u00e9rald B\u00fcrgy<\/li>\n<\/ul>\n\n\n\n<h3 class=\"wp-block-heading\">Prestations extra-muros<\/h3>\n\n\n\n<ul class=\"wp-block-list\">\n<li>1947&nbsp;Le tout 1er Giron des musiques Broyardes de Cugy-Vesin \u00e0 F\u00e9tigny (La soci\u00e9t\u00e9 s\u2019est d\u00e9plac\u00e9e en char tir\u00e9 par des chevaux\u2026. )<\/li>\n\n\n\n<li>1948&nbsp;Giron de la Broye \u00e0 Grandcour<\/li>\n\n\n\n<li>1949 Giron de la Broye \u00e0 Oron-la-Ville<\/li>\n\n\n\n<li>1950&nbsp; Giron de la Broye \u00e0 Dompierre<\/li>\n\n\n\n<li>1951 Giron de la Broye \u00e0 Payerne<\/li>\n\n\n\n<li>1951 F\u00eate Cantonale des musiques Fribourgeoises \u00e0 Estavayer-le-Lac<\/li>\n\n\n\n<li>1952 Giron de la Broye \u00e0 Lucens<\/li>\n\n\n\n<li>1953 Giron de la Broye \u00e0 Domdidier<\/li>\n\n\n\n<li>1954 Giron de la Broye \u00e0 Moudon<\/li>\n\n\n\n<li>1955 Giron de la Broye \u00e0 Cousset<\/li>\n\n\n\n<li>1956 Giron de la Broye \u00e0 Granges-Marnand<\/li>\n\n\n\n<li>1956 F\u00eate Cantonale des musiques Fribourgeoises \u00e0 Morat<\/li>\n\n\n\n<li>1957 Giron de la Broye \u00e0 Payerne<\/li>\n\n\n\n<li>1958 Giron de la Broye \u00e0 ST-Aubin<\/li>\n\n\n\n<li>1959 Giron de la Broye \u00e0 Combremont<\/li>\n\n\n\n<li>1960 Giron de la Broye \u00e0 Avenches<\/li>\n\n\n\n<li>1960 F\u00eate du vin \u00e0 Arbois, France<\/li>\n\n\n\n<li>1960 F\u00eate Cantonale des musiques Fribourgeoises \u00e0 Fribourg<\/li>\n\n\n\n<li>1961 Giron de la Broye \u00e0 Rueyres-les-Pr\u00e9s<\/li>\n\n\n\n<li>1963 Giron de la Broye \u00e0 Cudrefin<\/li>\n\n\n\n<li>1963 F\u00eate F\u00e9d\u00e9rale des musiques \u00e0 Fribourg<\/li>\n\n\n\n<li>1964 Giron de la Broye \u00e0 Surpierre<\/li>\n\n\n\n<li>1965 Giron de la Broye \u00e0 Corcelles<\/li>\n\n\n\n<li>1965 F\u00eate Cantonale des musiques Fribourgeoises \u00e0 Bulle<\/li>\n\n\n\n<li>1965 Festival H\u00e9rimoncourt, France<\/li>\n\n\n\n<li>1966 Giron de la Broye \u00e0 Estavayer-le-Lac<\/li>\n\n\n\n<li>1967 Giron de la Broye \u00e0 F\u00e9tigny<\/li>\n\n\n\n<li>1968 Giron de la Broye \u00e0 Villarepos<\/li>\n\n\n\n<li>1969 Giron de la Broye \u00e0 Grandcour<\/li>\n\n\n\n<li>1970 Festival Brie le Comte-Robert, France<\/li>\n\n\n\n<li>1970 F\u00eate Cantonale des musiques Fribourgeoises \u00e0 Guin<\/li>\n\n\n\n<li>1970 Giron de la Broye \u00e0 Dompierre<\/li>\n\n\n\n<li>1971 Giron de la Broye \u00e0 Payerne<\/li>\n\n\n\n<li>1972 Giron de la Broye \u00e0 Domdidier<\/li>\n\n\n\n<li>1973 Giron de la Broye \u00e0 Montagny\/ Cousset<\/li>\n\n\n\n<li>1974 Giron de la Broye \u00e0 Forel\/ Autavaux<\/li>\n\n\n\n<li>1975 F\u00eate Cantonale des musiques Fribourgeoises \u00e0 Romont<\/li>\n\n\n\n<li>1975 Giron de la Broye \u00e0 Payerne<\/li>\n\n\n\n<li>1976 Giron de la Broye \u00e0 St-Aubin<\/li>\n\n\n\n<li>1976 Concert \u00e0 Baume, France<\/li>\n\n\n\n<li>1977 Giron de la Broye \u00e0 Combremont<\/li>\n\n\n\n<li>1978 Giron de la Broye \u00e0 Avenches<\/li>\n\n\n\n<li>1979 Giron de la Broye \u00e0 L\u00e9chelles<\/li>\n\n\n\n<li>1980 F\u00eate Cantonale des musiques Fribourgeoises \u00e0 Treyvaux<\/li>\n\n\n\n<li>1981 Giron de la Broye \u00e0 Cudrefin<\/li>\n\n\n\n<li>1982 Giron de la Broye \u00e0 Surpierre<\/li>\n\n\n\n<li>1982 Festival Ch\u00e2teau-Thierry, France<\/li>\n\n\n\n<li>1983 Giron de la Broye \u00e0 Corcelles<\/li>\n\n\n\n<li>1984 Giron de la Broye \u00e0 Estavayer-le -Lac<\/li>\n\n\n\n<li>1985 Giron de la Broye \u00e0 Grandcour<\/li>\n\n\n\n<li>1985 F\u00eate Cantonale des musiques Fribourgeoise \u00e0 Morat<\/li>\n\n\n\n<li>1986 Giron de la Broye \u00e0 F\u00e9tigny<\/li>\n\n\n\n<li>1987 Giron de la Broye \u00e0 Dompierre<\/li>\n\n\n\n<li>1988 Giron de la Broye \u00e0 Payerne \u00ab&nbsp; Avenir<\/li>\n\n\n\n<li>1989&nbsp;Festival \u00e0 Veyrier pr\u00e8s de Gen\u00e8ve<\/li>\n\n\n\n<li>1989 Giron de la Broye \u00e0 Domdidier<\/li>\n\n\n\n<li>1989 Giron Haute Broye \u00e0 Lucens<\/li>\n\n\n\n<li>1990 F\u00eate Cantonale des musiques Fribourgeoises \u00e0 Marly<\/li>\n\n\n\n<li>1990 Giron de la Broye \u00e0 Cousset<\/li>\n\n\n\n<li>1991 Giron de la Broye \u00e0 Forel<\/li>\n\n\n\n<li>1992 Giron de la Broye \u00e0 Rueyres-les-Pr\u00e9s<\/li>\n\n\n\n<li>1993 Giron de la Broye \u00e0 St-Aubin<\/li>\n\n\n\n<li>1993 Concours Suisse des Brass Band \u00e0 Montreux<\/li>\n\n\n\n<li>1994 Giron de la Broye \u00e0 Combremont-le-Grand<\/li>\n\n\n\n<li>1995 Giron de la Broye \u00e0 Avenches<\/li>\n\n\n\n<li>1995 F\u00eate Cantonale des musiques Fribourgeoises \u00e0 Broc<\/li>\n\n\n\n<li>1996 Giron de la Broye \u00e0 Payerne, \u00ab&nbsp; Instrum \u00ab<\/li>\n\n\n\n<li>1997 Giron de la Broye \u00e0 L\u00e9chelles<\/li>\n\n\n\n<li>1999 Giron de la Broye \u00e0 Surpierre<\/li>\n\n\n\n<li>1999 Prestation \u00e0 Turin, Italie<\/li>\n\n\n\n<li>2000 Giron de la Broye \u00e0 Cudrefin<\/li>\n\n\n\n<li>2000 F\u00eate Cantonale des musiques Fribourgeoises \u00e0 Estavayer-le-Lac<\/li>\n\n\n\n<li>2001 F\u00eate F\u00e9d\u00e9rale des musiques \u00e0 Fribourg<\/li>\n\n\n\n<li>2001 Giron de la Broye \u00e0 Corcelles<\/li>\n\n\n\n<li>2002 Giron de la Broye \u00e0 F\u00e9tigny<\/li>\n\n\n\n<li>2003 Giron de la Broye \u00e0 Dompierre<\/li>\n\n\n\n<li>2004 Giron de la Broye \u00e0 Grandcour<\/li>\n\n\n\n<li>2005 Giron de la Broye \u00e0 Payerne,&nbsp; \u00ab&nbsp;Avenir \u00ab<\/li>\n\n\n\n<li>2005 F\u00eate Cantonale des musiques Fribourgeoises \u00e0 Fribourg<\/li>\n\n\n\n<li>2006 Giron de la Broye \u00e0&nbsp;Domdidier<\/li>\n\n\n\n<li>2007 Giron de la Broye \u00e0 Estavayer-le-Lac<\/li>\n\n\n\n<li>2008 Giron de la Broye \u00e0 Cousset<\/li>\n\n\n\n<li>2008 Open de France des Brass Band \u00e0 Amboise, France<\/li>\n\n\n\n<li>2009 Giron de la Broye \u00e0 Forel<\/li>\n\n\n\n<li>2010 F\u00eate Cantonale des musiques Fribourgeoises \u00e0 Ch\u00e2tel-St-Denis<\/li>\n\n\n\n<li>2010 Giron de la Broye \u00e0 Granges-Marnand<\/li>\n\n\n\n<li>2011 Giron de la Broye \u00e0 Rueyres-les.Pr\u00e9s<\/li>\n\n\n\n<li>2012 Giron de la Broye \u00e0 St-Aubin<\/li>\n\n\n\n<li>2013 Giron de la Broye \u00e0 Combremont-le-Grand<\/li>\n\n\n\n<li>2014 Giron de la Broye \u00e0 Avenches<\/li>\n\n\n\n<li>2015 F\u00eate Cantonale des musiques Fribourgeoises \u00e0 W\u00fcnnewill<\/li>\n\n\n\n<li>2015 Giron de la Broye \u00e0 Payerne<\/li>\n\n\n\n<li>2016 Amical des musiques \u00e0 Is\u00e9rables VS<\/li>\n\n\n\n<li>2016 Giron de la Broye \u00e0 L\u00e9chelles<\/li>\n\n\n\n<li>2018 Giron de la Broye \u00e0 Surpierre<\/li>\n\n\n\n<li>2019 Giron de la Broye \u00e0 Corcelles<\/li>\n\n\n\n<li>2020 Concours Edelbrass \u00e0 Charmey<\/li>\n\n\n\n<li>2022 Giron de la Broye \u00e0 F\u00e9tigny<\/li>\n<\/ul>\n","protected":false},"excerpt":{"rendered":"<p>F\u00eates marquantes de l&rsquo;histoire de notre fanfare Prestations extra-muros<\/p>\n","protected":false},"author":3,"featured_media":0,"parent":55,"menu_order":0,"comment_status":"closed","ping_status":"closed","template":"","meta":{"_crdt_document":"","ngg_post_thumbnail":0,"footnotes":""},"class_list":["post-62","page","type-page","status-publish","hentry","entry"],"_links":{"self":[{"href":"https:\/\/www.musique-cugy-vesin.ch\/index.php?rest_route=\/wp\/v2\/pages\/62","targetHints":{"allow":["GET"]}}],"collection":[{"href":"https:\/\/www.musique-cugy-vesin.ch\/index.php?rest_route=\/wp\/v2\/pages"}],"about":[{"href":"https:\/\/www.musique-cugy-vesin.ch\/index.php?rest_route=\/wp\/v2\/types\/page"}],"author":[{"embeddable":true,"href":"https:\/\/www.musique-cugy-vesin.ch\/index.php?rest_route=\/wp\/v2\/users\/3"}],"replies":[{"embeddable":true,"href":"https:\/\/www.musique-cugy-vesin.ch\/index.php?rest_route=%2Fwp%2Fv2%2Fcomments&post=62"}],"version-history":[{"count":15,"href":"https:\/\/www.musique-cugy-vesin.ch\/index.php?rest_route=\/wp\/v2\/pages\/62\/revisions"}],"predecessor-version":[{"id":7425,"href":"https:\/\/www.musique-cugy-vesin.ch\/index.php?rest_route=\/wp\/v2\/pages\/62\/revisions\/7425"}],"up":[{"embeddable":true,"href":"https:\/\/www.musique-cugy-vesin.ch\/index.php?rest_route=\/wp\/v2\/pages\/55"}],"wp:attachment":[{"href":"https:\/\/www.musique-cugy-vesin.ch\/index.php?rest_route=%2Fwp%2Fv2%2Fmedia&parent=62"}],"curies":[{"name":"wp","href":"https:\/\/api.w.org\/{rel}","templated":true}]}}