{"id":37,"date":"2012-10-06T15:22:17","date_gmt":"2012-10-06T15:22:17","guid":{"rendered":"http:\/\/www.musique-cugy-vesin.ch\/indexw.php\/?page_id=37"},"modified":"2025-10-10T09:25:55","modified_gmt":"2025-10-10T07:25:55","slug":"comite","status":"publish","type":"page","link":"https:\/\/www.musique-cugy-vesin.ch\/?page_id=37","title":{"rendered":"Comit\u00e9"},"content":{"rendered":"\n<p class=\"wp-block-paragraph\"> La gestion de la soci\u00e9t\u00e9 est assur\u00e9e par les membres du comit\u00e9 suivants: <\/p>\n\n\n\n<figure class=\"wp-block-image size-large\"><a href=\"https:\/\/www.musique-cugy-vesin.ch\/wp-content\/uploads\/2025\/10\/Comite-octobre-2025.png\"><img fetchpriority=\"high\" decoding=\"async\" width=\"1024\" height=\"577\" src=\"https:\/\/www.musique-cugy-vesin.ch\/wp-content\/uploads\/2025\/10\/Comite-octobre-2025-1024x577.png\" alt=\"\" class=\"wp-image-8012\" srcset=\"https:\/\/www.musique-cugy-vesin.ch\/wp-content\/uploads\/2025\/10\/Comite-octobre-2025-1024x577.png 1024w, https:\/\/www.musique-cugy-vesin.ch\/wp-content\/uploads\/2025\/10\/Comite-octobre-2025-300x169.png 300w, https:\/\/www.musique-cugy-vesin.ch\/wp-content\/uploads\/2025\/10\/Comite-octobre-2025-768x432.png 768w, https:\/\/www.musique-cugy-vesin.ch\/wp-content\/uploads\/2025\/10\/Comite-octobre-2025-1536x865.png 1536w, https:\/\/www.musique-cugy-vesin.ch\/wp-content\/uploads\/2025\/10\/Comite-octobre-2025-1568x883.png 1568w, https:\/\/www.musique-cugy-vesin.ch\/wp-content\/uploads\/2025\/10\/Comite-octobre-2025.png 2000w\" sizes=\"(max-width: 1024px) 100vw, 1024px\" \/><\/a><figcaption class=\"wp-element-caption\">Fran\u00e7ois &#8211; C\u00e9line &#8211; Justin &#8211; Mathias<br>Sandra &#8211; S\u00e9verine &#8211; Catherine<\/figcaption><\/figure>\n\n\n\n<h4 class=\"wp-block-heading\">Pr\u00e9sidente<\/h4>\n\n\n\n<p class=\"wp-block-paragraph\">S\u00e9verine Berger<br><a href=\"mailto:president@musique-cugy-vesin.ch\">Contact<\/a><\/p>\n\n\n\n<h4 class=\"wp-block-heading\">Commission de musique et vice-pr\u00e9sidence<\/h4>\n\n\n\n<p class=\"wp-block-paragraph\">Mathias Gagnaux<br><a href=\"mailto:mathias.gagnaux@gmail.com\">Contact<\/a><\/p>\n\n\n\n<h4 class=\"wp-block-heading\">Finances<\/h4>\n\n\n\n<p class=\"wp-block-paragraph\">Catherine Maendly<br><a href=\"mailto:catherine.maendly@bluewin.ch\">Contact<\/a><\/p>\n\n\n\n<h4 class=\"wp-block-heading\">Secr\u00e9tariat<\/h4>\n\n\n\n<p class=\"wp-block-paragraph\">Justin Bourqui<br><a href=\"mailto:justin.bourqui@gmail.com\">Contact<\/a><\/p>\n\n\n\n<h4 class=\"wp-block-heading\">Logistique<\/h4>\n\n\n\n<p class=\"wp-block-paragraph\">C\u00e9line Joye<br><a href=\"mailto:celjoye@hotmail.com\">Contact<\/a><br><\/p>\n\n\n\n<h4 class=\"wp-block-heading\">Manifestations<\/h4>\n\n\n\n<p class=\"wp-block-paragraph\">Fran\u00e7ois Wisler<br><a href=\"mailto:wislerf97@gmail.com\">Contact<\/a><\/p>\n\n\n\n<h4 class=\"wp-block-heading\">\u00c9cole de musique<\/h4>\n\n\n\n<p class=\"wp-block-paragraph\">Sandra Pochon<br><a href=\"mailto:em@musique-cugy-vesin.ch\">Contact<\/a><\/p>\n\n\n\n<p class=\"wp-block-paragraph\"><\/p>\n","protected":false},"excerpt":{"rendered":"<p>La gestion de la soci\u00e9t\u00e9 est assur\u00e9e par les membres du comit\u00e9 suivants: Pr\u00e9sidente S\u00e9verine BergerContact Commission de musique et vice-pr\u00e9sidence Mathias GagnauxContact Finances Catherine MaendlyContact Secr\u00e9tariat Justin BourquiContact Logistique C\u00e9line JoyeContact Manifestations Fran\u00e7ois WislerContact \u00c9cole de musique Sandra PochonContact<\/p>\n","protected":false},"author":5,"featured_media":0,"parent":48,"menu_order":0,"comment_status":"closed","ping_status":"closed","template":"","meta":{"_crdt_document":"","ngg_post_thumbnail":0,"footnotes":""},"class_list":["post-37","page","type-page","status-publish","hentry","entry"],"_links":{"self":[{"href":"https:\/\/www.musique-cugy-vesin.ch\/index.php?rest_route=\/wp\/v2\/pages\/37","targetHints":{"allow":["GET"]}}],"collection":[{"href":"https:\/\/www.musique-cugy-vesin.ch\/index.php?rest_route=\/wp\/v2\/pages"}],"about":[{"href":"https:\/\/www.musique-cugy-vesin.ch\/index.php?rest_route=\/wp\/v2\/types\/page"}],"author":[{"embeddable":true,"href":"https:\/\/www.musique-cugy-vesin.ch\/index.php?rest_route=\/wp\/v2\/users\/5"}],"replies":[{"embeddable":true,"href":"https:\/\/www.musique-cugy-vesin.ch\/index.php?rest_route=%2Fwp%2Fv2%2Fcomments&post=37"}],"version-history":[{"count":46,"href":"https:\/\/www.musique-cugy-vesin.ch\/index.php?rest_route=\/wp\/v2\/pages\/37\/revisions"}],"predecessor-version":[{"id":8014,"href":"https:\/\/www.musique-cugy-vesin.ch\/index.php?rest_route=\/wp\/v2\/pages\/37\/revisions\/8014"}],"up":[{"embeddable":true,"href":"https:\/\/www.musique-cugy-vesin.ch\/index.php?rest_route=\/wp\/v2\/pages\/48"}],"wp:attachment":[{"href":"https:\/\/www.musique-cugy-vesin.ch\/index.php?rest_route=%2Fwp%2Fv2%2Fmedia&parent=37"}],"curies":[{"name":"wp","href":"https:\/\/api.w.org\/{rel}","templated":true}]}}