{"id":17,"date":"2012-10-06T14:59:12","date_gmt":"2012-10-06T14:59:12","guid":{"rendered":"http:\/\/www.musique-cugy-vesin.ch\/indexw.php\/?page_id=17"},"modified":"2024-09-12T10:25:32","modified_gmt":"2024-09-12T08:25:32","slug":"agenda","status":"publish","type":"page","link":"https:\/\/www.musique-cugy-vesin.ch\/?page_id=17","title":{"rendered":"Agenda"},"content":{"rendered":"\t\t<div data-elementor-type=\"wp-page\" data-elementor-id=\"17\" class=\"elementor elementor-17\">\n\t\t\t\t<div class=\"elementor-element elementor-element-870c726 e-flex e-con-boxed e-con e-parent\" data-id=\"870c726\" data-element_type=\"container\" data-e-type=\"container\">\n\t\t\t\t\t<div class=\"e-con-inner\">\n\t\t\t\t<div class=\"elementor-element elementor-element-922b82b elementor-widget elementor-widget-shortcode\" data-id=\"922b82b\" data-element_type=\"widget\" data-e-type=\"widget\" data-widget_type=\"shortcode.default\">\n\t\t\t\t<div class=\"elementor-widget-container\">\n\t\t\t\t\t\t\t<div class=\"elementor-shortcode\"><div class=\"mec-wrap mec-skin-list-container  \" id=\"mec_skin_7845\">\r\n\r\n    \r\n            <div class=\"mec-skin-list-events-container\" id=\"mec_skin_events_7845\">\r\n        <div class=\"mec-wrap \">\r\n\t<div class=\"mec-event-list-minimal\">\r\n\t\t\r\n                        <div class=\"mec-month-divider\" data-toggle-divider=\"mec-toggle-202605-7845\"><h5 style=\"display: inline;\">mai 2026<\/h5><i class=\"mec-sl-arrow-down\"><\/i><\/div>\r\n            \r\n                        <article class=\"mec-event-article  mec-clear  mec-divider-toggle mec-toggle-202605-7845\" itemscope>\r\n                                                        <div class=\"col-md-9 col-sm-9\">\r\n                                                <div class=\"mec-event-date mec-bg-color\">\r\n                            <span>17<\/span>\r\n                            Mai                        <\/div>\r\n                        \r\n                                                <h4 class=\"mec-event-title\"><a class=\"mec-color-hover\" data-event-id=\"8001\" href=\"https:\/\/www.musique-cugy-vesin.ch\/?mec-events=fete-federale-des-musiques\" target=\"_self\" rel=\"noopener\">F\u00eate f\u00e9d\u00e9rale des musiques<\/a><span class=\"event-color\" style=\"background: #e14d43\"><\/span><\/h4>\r\n                        <div class=\"mec-event-detail\">\r\n                            <span class=\"mec-day-wrapper\">dimanche<\/span><span class=\"mec-comma-wrapper\">,<\/span> <span class=\"mec-event-loc-place\">Bienne<\/span>                        <\/div>\r\n                                                                                                                                            <\/div>\r\n                    <div class=\"col-md-3 col-sm-3 btn-wrapper\"><a class=\"mec-detail-button\" data-event-id=\"8001\" href=\"https:\/\/www.musique-cugy-vesin.ch\/?mec-events=fete-federale-des-musiques\" target=\"_self\" rel=\"noopener\">D\u00c9TAIL DE L&#039;\u00c9V\u00c9NEMENT<\/a><\/div>\r\n                            <\/article>\r\n            \t\t\r\n            \r\n                        <article class=\"mec-event-article  mec-clear  mec-divider-toggle mec-toggle-202605-7845\" itemscope>\r\n                                                        <div class=\"col-md-9 col-sm-9\">\r\n                                                <div class=\"mec-event-date mec-bg-color\">\r\n                            <span class=\"mec-multiple-dates\">23 - 24<\/span>\r\n                            Mai                        <\/div>\r\n                        \r\n                                                <h4 class=\"mec-event-title\"><a class=\"mec-color-hover\" data-event-id=\"8002\" href=\"https:\/\/www.musique-cugy-vesin.ch\/?mec-events=giron-des-musiques-de-la-broye\" target=\"_self\" rel=\"noopener\">Giron des musiques de la Broye<\/a><\/h4>\r\n                        <div class=\"mec-event-detail\">\r\n                            <span class=\"mec-day-wrapper\">samedi<\/span><span class=\"mec-comma-wrapper\">,<\/span> <span class=\"mec-event-loc-place\">Estavayer-le-Lac<\/span>                        <\/div>\r\n                                                                                                                                            <\/div>\r\n                    <div class=\"col-md-3 col-sm-3 btn-wrapper\"><a class=\"mec-detail-button\" data-event-id=\"8002\" href=\"https:\/\/www.musique-cugy-vesin.ch\/?mec-events=giron-des-musiques-de-la-broye\" target=\"_self\" rel=\"noopener\">D\u00c9TAIL DE L&#039;\u00c9V\u00c9NEMENT<\/a><\/div>\r\n                            <\/article>\r\n            \t\t\t<\/div>\r\n<\/div>\r\n\r\n    <\/div>\r\n    <div class=\"mec-skin-list-no-events-container mec-util-hidden\" id=\"mec_skin_no_events_7845\">\r\n        Aucun \u00e9v\u00e9nement trouv\u00e9 !    <\/div>\r\n    \r\n    \r\n<\/div>\r\n<\/div>\n\t\t\t\t\t\t<\/div>\n\t\t\t\t<\/div>\n\t\t\t\t\t<\/div>\n\t\t\t\t<\/div>\n\t\t\t\t<\/div>\n\t\t","protected":false},"excerpt":{"rendered":"","protected":false},"author":3,"featured_media":0,"parent":0,"menu_order":0,"comment_status":"closed","ping_status":"closed","template":"","meta":{"_crdt_document":"","ngg_post_thumbnail":0,"footnotes":""},"class_list":["post-17","page","type-page","status-publish","hentry","entry"],"_links":{"self":[{"href":"https:\/\/www.musique-cugy-vesin.ch\/index.php?rest_route=\/wp\/v2\/pages\/17","targetHints":{"allow":["GET"]}}],"collection":[{"href":"https:\/\/www.musique-cugy-vesin.ch\/index.php?rest_route=\/wp\/v2\/pages"}],"about":[{"href":"https:\/\/www.musique-cugy-vesin.ch\/index.php?rest_route=\/wp\/v2\/types\/page"}],"author":[{"embeddable":true,"href":"https:\/\/www.musique-cugy-vesin.ch\/index.php?rest_route=\/wp\/v2\/users\/3"}],"replies":[{"embeddable":true,"href":"https:\/\/www.musique-cugy-vesin.ch\/index.php?rest_route=%2Fwp%2Fv2%2Fcomments&post=17"}],"version-history":[{"count":66,"href":"https:\/\/www.musique-cugy-vesin.ch\/index.php?rest_route=\/wp\/v2\/pages\/17\/revisions"}],"predecessor-version":[{"id":7848,"href":"https:\/\/www.musique-cugy-vesin.ch\/index.php?rest_route=\/wp\/v2\/pages\/17\/revisions\/7848"}],"wp:attachment":[{"href":"https:\/\/www.musique-cugy-vesin.ch\/index.php?rest_route=%2Fwp%2Fv2%2Fmedia&parent=17"}],"curies":[{"name":"wp","href":"https:\/\/api.w.org\/{rel}","templated":true}]}}