{"id":157,"date":"2012-10-08T14:04:13","date_gmt":"2012-10-08T12:04:13","guid":{"rendered":"http:\/\/www.musique-cugy-vesin.ch\/indexw.php\/?page_id=157"},"modified":"2025-08-12T08:09:10","modified_gmt":"2025-08-12T06:09:10","slug":"reglement-de-lecole-de-musique","status":"publish","type":"page","link":"https:\/\/www.musique-cugy-vesin.ch\/?page_id=157","title":{"rendered":"R\u00e8glement et inscription \u00e0 l&rsquo;\u00e9cole de musique"},"content":{"rendered":"\n<div data-wp-interactive=\"core\/file\" class=\"wp-block-file\"><object data-wp-bind--hidden=\"!state.hasPdfPreview\" hidden class=\"wp-block-file__embed\" data=\"https:\/\/www.musique-cugy-vesin.ch\/wp-content\/uploads\/2025\/08\/Reglement-ecole-de-musique-inscription-et-tarifs-2025-2026.pdf\" type=\"application\/pdf\" style=\"width:100%;height:600px\" aria-label=\"Contenu embarqu\u00e9 R\u00e9glement \u00e9cole de musique   inscription et tarifs 2025-2026.\"><\/object><a id=\"wp-block-file--media-6b4ffaf1-ecba-4d99-aa3c-0e8accc2aec0\" href=\"https:\/\/www.musique-cugy-vesin.ch\/wp-content\/uploads\/2025\/08\/Reglement-ecole-de-musique-inscription-et-tarifs-2025-2026.pdf\">R\u00e9glement \u00e9cole de musique   inscription et tarifs 2025-2026<\/a><a href=\"https:\/\/www.musique-cugy-vesin.ch\/wp-content\/uploads\/2025\/08\/Reglement-ecole-de-musique-inscription-et-tarifs-2025-2026.pdf\" class=\"wp-block-file__button wp-element-button\" download aria-describedby=\"wp-block-file--media-6b4ffaf1-ecba-4d99-aa3c-0e8accc2aec0\">T\u00e9l\u00e9charger<\/a><\/div>\n","protected":false},"excerpt":{"rendered":"","protected":false},"author":3,"featured_media":0,"parent":142,"menu_order":0,"comment_status":"closed","ping_status":"closed","template":"","meta":{"_crdt_document":"","ngg_post_thumbnail":0,"footnotes":""},"class_list":["post-157","page","type-page","status-publish","hentry","entry"],"_links":{"self":[{"href":"https:\/\/www.musique-cugy-vesin.ch\/index.php?rest_route=\/wp\/v2\/pages\/157","targetHints":{"allow":["GET"]}}],"collection":[{"href":"https:\/\/www.musique-cugy-vesin.ch\/index.php?rest_route=\/wp\/v2\/pages"}],"about":[{"href":"https:\/\/www.musique-cugy-vesin.ch\/index.php?rest_route=\/wp\/v2\/types\/page"}],"author":[{"embeddable":true,"href":"https:\/\/www.musique-cugy-vesin.ch\/index.php?rest_route=\/wp\/v2\/users\/3"}],"replies":[{"embeddable":true,"href":"https:\/\/www.musique-cugy-vesin.ch\/index.php?rest_route=%2Fwp%2Fv2%2Fcomments&post=157"}],"version-history":[{"count":8,"href":"https:\/\/www.musique-cugy-vesin.ch\/index.php?rest_route=\/wp\/v2\/pages\/157\/revisions"}],"predecessor-version":[{"id":7976,"href":"https:\/\/www.musique-cugy-vesin.ch\/index.php?rest_route=\/wp\/v2\/pages\/157\/revisions\/7976"}],"up":[{"embeddable":true,"href":"https:\/\/www.musique-cugy-vesin.ch\/index.php?rest_route=\/wp\/v2\/pages\/142"}],"wp:attachment":[{"href":"https:\/\/www.musique-cugy-vesin.ch\/index.php?rest_route=%2Fwp%2Fv2%2Fmedia&parent=157"}],"curies":[{"name":"wp","href":"https:\/\/api.w.org\/{rel}","templated":true}]}}