{"id":142,"date":"2012-10-08T13:21:55","date_gmt":"2012-10-08T13:21:55","guid":{"rendered":"http:\/\/www.musique-cugy-vesin.ch\/indexw.php\/?page_id=142"},"modified":"2024-10-29T07:49:27","modified_gmt":"2024-10-29T06:49:27","slug":"ecole-de-musique","status":"publish","type":"page","link":"https:\/\/www.musique-cugy-vesin.ch\/?page_id=142","title":{"rendered":"Ecole de musique"},"content":{"rendered":"\n<p class=\"wp-block-paragraph\">Notre soci\u00e9t\u00e9 forme toutes personnes d\u00e9sirant faire de la musique. Nous avons des cours pour les 7 \u00e0 77 ans! D\u00e8s l&rsquo;\u00e2ge de 6 ans, nous formons les jeunes dans la classe de fl\u00fbtes anim\u00e9e par Marianne Burgy. L&rsquo;enfant a ainsi l&rsquo;occasion d&rsquo;apprendre les notes, le solf\u00e8ge et la technique de la fl\u00fbte \u00e0 bec.<\/p>\n\n\n\n<figure class=\"wp-block-image size-large\"><a href=\"https:\/\/www.musique-cugy-vesin.ch\/wp-content\/uploads\/2024\/10\/Eveil-a-la-musique.png\"><img fetchpriority=\"high\" decoding=\"async\" width=\"768\" height=\"1024\" src=\"https:\/\/www.musique-cugy-vesin.ch\/wp-content\/uploads\/2024\/10\/Eveil-a-la-musique-768x1024.png\" alt=\"\" class=\"wp-image-7905\" srcset=\"https:\/\/www.musique-cugy-vesin.ch\/wp-content\/uploads\/2024\/10\/Eveil-a-la-musique-768x1024.png 768w, https:\/\/www.musique-cugy-vesin.ch\/wp-content\/uploads\/2024\/10\/Eveil-a-la-musique-225x300.png 225w, https:\/\/www.musique-cugy-vesin.ch\/wp-content\/uploads\/2024\/10\/Eveil-a-la-musique-300x400.png 300w, https:\/\/www.musique-cugy-vesin.ch\/wp-content\/uploads\/2024\/10\/Eveil-a-la-musique-1152x1536.png 1152w, https:\/\/www.musique-cugy-vesin.ch\/wp-content\/uploads\/2024\/10\/Eveil-a-la-musique-1536x2048.png 1536w, https:\/\/www.musique-cugy-vesin.ch\/wp-content\/uploads\/2024\/10\/Eveil-a-la-musique-1568x2091.png 1568w\" sizes=\"(max-width: 768px) 100vw, 768px\" \/><\/a><\/figure>\n\n\n\n<p class=\"wp-block-paragraph\">L&rsquo;\u00e9tape suivante, vers les 10 ans, consiste \u00e0 passer \u00e0 un instrument de cuivre. Commencent alors des cours individuels avec un professeur priv\u00e9 dans les classes cuivres. Il s&rsquo;agit d&rsquo;apprendre la technique sp\u00e9cifique aux instruments de cuivre comme une position de l&#8217;embouchure optimale, la qualit\u00e9 du son, la technique des doigts et, le plus important, la musicalit\u00e9!<\/p>\n\n\n\n<p class=\"wp-block-paragraph\">Apr\u00e8s une ann\u00e9e de cours, l&rsquo;\u00e9l\u00e8ve a la possibilit\u00e9 de commencer \u00e0 jouer dans l&rsquo;ensemble les <a title=\"Jeunes Cuivres\" rel=\"noopener noreferrer\" href=\"http:\/\/www.musique-cugy-vesin.ch\/indexw.php\/?page_id=149\" target=\"_blank\">Jeunes Cuivres de Cugy-Vesin<\/a>. Cela lui permet de jouer en groupe avec ses copains et de se produire r\u00e9guli\u00e8rement devant du public, ce qui est bon pour la confiance en soi ! Puis, vers les 15 ans, la possibilit\u00e9 est donn\u00e9e d&rsquo;entrer dans la soci\u00e9t\u00e9 selon pr\u00e9avis du directeur. Mais cela n&rsquo;interrompt pas pour autant les cours ! En g\u00e9n\u00e9ral, ceux-ci continuent jusque vers l&rsquo;\u00e2ge de 20 ans.<\/p>\n\n\n\n<p class=\"wp-block-paragraph\">Tout au long de la formation, l&rsquo;\u00e9cole de musique organise des auditions afin que l&rsquo;\u00e9l\u00e8ve aie l&rsquo;occasion de pr\u00e9senter en publique un morceau de son choix. De cette fa\u00e7on, il y a des buts au travail personnel qui sont source de motivation. De plus, cela permet \u00e0 l&rsquo;\u00e9l\u00e8ve d&rsquo;appr\u00e9hender la sc\u00e8ne et donne l&rsquo;occasion \u00e0 ses proches de venir l&rsquo;\u00e9couter !<\/p>\n\n\n\n<figure class=\"wp-block-image is-resized\"><img decoding=\"async\" width=\"1024\" height=\"768\" src=\"https:\/\/www.musique-cugy-vesin.ch\/wp-content\/uploads\/2019\/11\/180620_audition_ete_18_02-1024x768.jpg\" alt=\"\" class=\"wp-image-6732\" style=\"width:605px;height:454px\" srcset=\"https:\/\/www.musique-cugy-vesin.ch\/wp-content\/uploads\/2019\/11\/180620_audition_ete_18_02-1024x768.jpg 1024w, https:\/\/www.musique-cugy-vesin.ch\/wp-content\/uploads\/2019\/11\/180620_audition_ete_18_02-300x225.jpg 300w, https:\/\/www.musique-cugy-vesin.ch\/wp-content\/uploads\/2019\/11\/180620_audition_ete_18_02-768x576.jpg 768w, https:\/\/www.musique-cugy-vesin.ch\/wp-content\/uploads\/2019\/11\/180620_audition_ete_18_02.jpg 1600w\" sizes=\"(max-width: 1024px) 100vw, 1024px\" \/><figcaption class=\"wp-element-caption\">Audition d&rsquo;\u00e9t\u00e9 2018<\/figcaption><\/figure>\n\n\n\n<p class=\"wp-block-paragraph\">Il y a deux auditions par ann\u00e9e tant pour les cuivres que les fl\u00fbtes. Une au mois de d\u00e9cembre o\u00f9 l&rsquo;accent est mis sur la pr\u00e9sentation de pi\u00e8ces en petits groupes. La deuxi\u00e8me au mois de mai o\u00f9 l&rsquo;objectif est la pr\u00e9sentation d&rsquo;un solo. Tout cela s&rsquo;effectuant dans la bonne humeur et sans pression, l&rsquo;objectif \u00e9tant le plaisir !<\/p>\n\n\n\n<p class=\"wp-block-paragraph\">Si vous ou votre enfant d\u00e9sirez faire de la musique, n&rsquo;h\u00e9sitez pas \u00e0 <a title=\"Contact \u00e9cole de musique\" href=\"http:\/\/www.musique-cugy-vesin.ch\/indexw.php\/?page_id=194\">entrer en contact<\/a> avec nous!<\/p>\n","protected":false},"excerpt":{"rendered":"<p>Notre soci\u00e9t\u00e9 forme toutes personnes d\u00e9sirant faire de la musique. Nous avons des cours pour les 7 \u00e0 77 ans! D\u00e8s l&rsquo;\u00e2ge de 6 ans, nous formons les jeunes dans la classe de fl\u00fbtes anim\u00e9e par Marianne Burgy. L&rsquo;enfant a ainsi l&rsquo;occasion d&rsquo;apprendre les notes, le solf\u00e8ge et la technique de la fl\u00fbte \u00e0 bec.&hellip; <a class=\"more-link\" href=\"https:\/\/www.musique-cugy-vesin.ch\/?page_id=142\">Poursuivre la lecture <span class=\"screen-reader-text\">Ecole de musique<\/span><\/a><\/p>\n","protected":false},"author":3,"featured_media":0,"parent":0,"menu_order":0,"comment_status":"closed","ping_status":"open","template":"","meta":{"_crdt_document":"","ngg_post_thumbnail":0,"footnotes":""},"class_list":["post-142","page","type-page","status-publish","hentry","entry"],"_links":{"self":[{"href":"https:\/\/www.musique-cugy-vesin.ch\/index.php?rest_route=\/wp\/v2\/pages\/142","targetHints":{"allow":["GET"]}}],"collection":[{"href":"https:\/\/www.musique-cugy-vesin.ch\/index.php?rest_route=\/wp\/v2\/pages"}],"about":[{"href":"https:\/\/www.musique-cugy-vesin.ch\/index.php?rest_route=\/wp\/v2\/types\/page"}],"author":[{"embeddable":true,"href":"https:\/\/www.musique-cugy-vesin.ch\/index.php?rest_route=\/wp\/v2\/users\/3"}],"replies":[{"embeddable":true,"href":"https:\/\/www.musique-cugy-vesin.ch\/index.php?rest_route=%2Fwp%2Fv2%2Fcomments&post=142"}],"version-history":[{"count":15,"href":"https:\/\/www.musique-cugy-vesin.ch\/index.php?rest_route=\/wp\/v2\/pages\/142\/revisions"}],"predecessor-version":[{"id":7907,"href":"https:\/\/www.musique-cugy-vesin.ch\/index.php?rest_route=\/wp\/v2\/pages\/142\/revisions\/7907"}],"wp:attachment":[{"href":"https:\/\/www.musique-cugy-vesin.ch\/index.php?rest_route=%2Fwp%2Fv2%2Fmedia&parent=142"}],"curies":[{"name":"wp","href":"https:\/\/api.w.org\/{rel}","templated":true}]}}