{"id":129,"date":"2012-10-08T09:45:51","date_gmt":"2012-10-08T09:45:51","guid":{"rendered":"http:\/\/www.musique-cugy-vesin.ch\/indexw.php\/?page_id=129"},"modified":"2026-03-23T14:00:37","modified_gmt":"2026-03-23T13:00:37","slug":"membres-2","status":"publish","type":"page","link":"https:\/\/www.musique-cugy-vesin.ch\/?page_id=129","title":{"rendered":"Membres"},"content":{"rendered":"\n<figure class=\"wp-block-table is-style-stripes\"><table class=\"has-fixed-layout\"><tbody><tr><td class=\"has-text-align-right\" data-align=\"right\"><strong>Directeur<\/strong><\/td><td>St\u00e9phane Duboux<\/td><\/tr><tr><td class=\"has-text-align-right\" data-align=\"right\"><strong>Cornet Soprano<\/strong><\/td><td>Fran\u00e7ois Wisler<\/td><\/tr><tr><td class=\"has-text-align-right\" data-align=\"right\"><strong>Cornets Solo<\/strong><br><br><br><br><br><\/td><td>Lorine Berger<br>Steve Chassot<br>Chlo\u00e9 B\u00fcrgy<br>Talia Leu<br>G\u00e9rald B\u00fcrgy<\/td><\/tr><tr><td class=\"has-text-align-right\" data-align=\"right\"><strong>Cornets Repianos<\/strong><br><br><\/td><td>Laetitia Maendly<br>C\u00e9lia Berchier<\/td><\/tr><tr><td class=\"has-text-align-right\" data-align=\"right\"><strong>Cornets 2-3<\/strong><br><br><br><br><br><br><br><\/td><td>Lisa Berchier<br>Isma\u00ebl F\u00fchrer<br>Bibiana Gendre<br>Sandra Pochon<br>Christophe Pillonel<br>Kellya Reber<br>Sandrine Coucet<\/td><\/tr><tr><td class=\"has-text-align-right\" data-align=\"right\"><strong>Bugle<\/strong><\/td><td>Catherine Maendly<\/td><\/tr><tr><td class=\"has-text-align-right\" data-align=\"right\"><strong>Altos Solo<\/strong><br><br><\/td><td>Nadine Rey<br>Lisa Grandgirard<\/td><\/tr><tr><td class=\"has-text-align-right\" data-align=\"right\"><strong>Altos 1<\/strong><br><br><\/td><td>Nathalie Bourqui<br>Fanny Bersier<\/td><\/tr><tr><td class=\"has-text-align-right\" data-align=\"right\"><strong>Altos 2<\/strong><br><br><\/td><td>Daniel Robert<br>In\u00e8s Dubey<\/td><\/tr><tr><td class=\"has-text-align-right\" data-align=\"right\"><strong>Baryton 1<\/strong><\/td><td>Beno\u00eet Rossier<\/td><\/tr><tr><td class=\"has-text-align-right\" data-align=\"right\"><strong>Baryton 2<\/strong><\/td><td>C\u00e9line Joye<\/td><\/tr><tr><td class=\"has-text-align-right\" data-align=\"right\"><strong>Trombones t\u00e9nors<\/strong><br><br><br><br><br><\/td><td>Lionel Gagnaux<br>Morgane Overney<br>Emilie Maendly<br>S\u00e9verine Berger<br>L\u00e9ni Pillonel<\/td><\/tr><tr><td class=\"has-text-align-right\" data-align=\"right\"><strong>Trombone Basse<\/strong><\/td><td>Vacant<\/td><\/tr><tr><td class=\"has-text-align-right\" data-align=\"right\"><strong>Euphoniums<\/strong><br><br><\/td><td>Mathias Gagnaux<br>Justin Bourqui<\/td><\/tr><tr><td class=\"has-text-align-right\" data-align=\"right\"><strong>Basses Mib<\/strong><br><br><\/td><td>Matthieu Marchon<br>Charline Martin<\/td><\/tr><tr><td class=\"has-text-align-right\" data-align=\"right\"><strong>Basses Sib<\/strong><br><br><br><\/td><td>Lucas B\u00fcrgy<br>Yannick Bersier<br>Laurent Bersier<\/td><\/tr><tr><td class=\"has-text-align-right\" data-align=\"right\"><strong>Percussionnistes<\/strong><br><br><br><\/td><td>Pierre-Alain Maendly<br>Denis Berchier<br>Evan Bersier<\/td><\/tr><tr><td class=\"has-text-align-right\" data-align=\"right\"><strong>Tambours<\/strong><br><br><\/td><td>Romain Arrighi<br>Noam Blanc<\/td><\/tr><tr><td class=\"has-text-align-right\" data-align=\"right\"><strong>Porte-Drapeau<\/strong><\/td><td>Christian Bersier<\/td><\/tr><\/tbody><\/table><\/figure>\n","protected":false},"excerpt":{"rendered":"<p>Directeur St\u00e9phane Duboux Cornet Soprano Fran\u00e7ois Wisler Cornets Solo Lorine BergerSteve ChassotChlo\u00e9 B\u00fcrgyTalia LeuG\u00e9rald B\u00fcrgy Cornets Repianos Laetitia MaendlyC\u00e9lia Berchier Cornets 2-3 Lisa BerchierIsma\u00ebl F\u00fchrerBibiana GendreSandra PochonChristophe PillonelKellya ReberSandrine Coucet Bugle Catherine Maendly Altos Solo Nadine ReyLisa Grandgirard Altos 1 Nathalie BourquiFanny Bersier Altos 2 Daniel RobertIn\u00e8s Dubey Baryton 1 Beno\u00eet Rossier Baryton 2 C\u00e9line&hellip; <a class=\"more-link\" href=\"https:\/\/www.musique-cugy-vesin.ch\/?page_id=129\">Poursuivre la lecture <span class=\"screen-reader-text\">Membres<\/span><\/a><\/p>\n","protected":false},"author":3,"featured_media":0,"parent":34,"menu_order":0,"comment_status":"closed","ping_status":"closed","template":"","meta":{"_crdt_document":"","ngg_post_thumbnail":0,"footnotes":""},"class_list":["post-129","page","type-page","status-publish","hentry","entry"],"_links":{"self":[{"href":"https:\/\/www.musique-cugy-vesin.ch\/index.php?rest_route=\/wp\/v2\/pages\/129","targetHints":{"allow":["GET"]}}],"collection":[{"href":"https:\/\/www.musique-cugy-vesin.ch\/index.php?rest_route=\/wp\/v2\/pages"}],"about":[{"href":"https:\/\/www.musique-cugy-vesin.ch\/index.php?rest_route=\/wp\/v2\/types\/page"}],"author":[{"embeddable":true,"href":"https:\/\/www.musique-cugy-vesin.ch\/index.php?rest_route=\/wp\/v2\/users\/3"}],"replies":[{"embeddable":true,"href":"https:\/\/www.musique-cugy-vesin.ch\/index.php?rest_route=%2Fwp%2Fv2%2Fcomments&post=129"}],"version-history":[{"count":38,"href":"https:\/\/www.musique-cugy-vesin.ch\/index.php?rest_route=\/wp\/v2\/pages\/129\/revisions"}],"predecessor-version":[{"id":8071,"href":"https:\/\/www.musique-cugy-vesin.ch\/index.php?rest_route=\/wp\/v2\/pages\/129\/revisions\/8071"}],"up":[{"embeddable":true,"href":"https:\/\/www.musique-cugy-vesin.ch\/index.php?rest_route=\/wp\/v2\/pages\/34"}],"wp:attachment":[{"href":"https:\/\/www.musique-cugy-vesin.ch\/index.php?rest_route=%2Fwp%2Fv2%2Fmedia&parent=129"}],"curies":[{"name":"wp","href":"https:\/\/api.w.org\/{rel}","templated":true}]}}